{"id":93,"date":"2012-08-18T15:48:28","date_gmt":"2012-08-18T13:48:28","guid":{"rendered":"http:\/\/geschichtsverein-haitz.org\/?page_id=93"},"modified":"2013-01-18T20:42:42","modified_gmt":"2013-01-18T19:42:42","slug":"veroffentlichungen-und-schriften-des-vereins","status":"publish","type":"page","link":"http:\/\/geschichtsverein-haitz.org\/wordpress\/veroffentlichungen-und-schriften-des-vereins\/","title":{"rendered":"Ver\u00f6ffentlichungen und Schriften"},"content":{"rendered":"<p>Die nachfolgend genannte Schriften k\u00f6nnen per Email (siehe &#8222;Kontakt&#8220;) beim Vereinsvorstand bestellt und auch die Preise k\u00f6nnen dort angefragt werden. Was momentan nicht mehr als gedrucktes Exemplar zur Verf\u00fcgung steht, kann ggf. nachgeordert werden.<\/p>\n<p>Es folgt eine Liste der bisherigen Ver\u00f6ffentlichungen:<\/p>\n<ul>\n<li>Einwohnerbuch<\/li>\n<\/ul>\n<ul>\n<li>Haitzer Heimathefte (verschiedene Jahrg\u00e4nge)<\/li>\n<\/ul>\n<ul>\n<li>Das Vorkommen der Haitzer Familiennamen<\/li>\n<\/ul>\n<ul>\n<li>Die Bedeutung der Haitzer Familiennamen<\/li>\n<\/ul>\n<ul>\n<li>Haatzer Keerscht<\/li>\n<\/ul>\n<ul>\n<li>Haitzer Heimatbuch<\/li>\n<\/ul>\n<ul>\n<li>Kurzchronik von Haitz<\/li>\n<\/ul>\n<p>&nbsp;<\/p>\n<p>&nbsp;<\/p>\n","protected":false},"excerpt":{"rendered":"<p>Die nachfolgend genannte Schriften k\u00f6nnen per Email (siehe &#8222;Kontakt&#8220;) beim Vereinsvorstand bestellt und auch die Preise k\u00f6nnen dort angefragt werden. Was momentan nicht mehr als gedrucktes Exemplar zur Verf\u00fcgung steht, kann ggf. nachgeordert werden. Es folgt eine Liste der bisherigen &hellip; <a href=\"http:\/\/geschichtsverein-haitz.org\/wordpress\/veroffentlichungen-und-schriften-des-vereins\/\">Weiterlesen <span class=\"meta-nav\">&rarr;<\/span><\/a><\/p>\n","protected":false},"author":1,"featured_media":0,"parent":0,"menu_order":0,"comment_status":"closed","ping_status":"closed","template":"","meta":{"footnotes":""},"class_list":["post-93","page","type-page","status-publish","hentry"],"_links":{"self":[{"href":"http:\/\/geschichtsverein-haitz.org\/wordpress\/wp-json\/wp\/v2\/pages\/93","targetHints":{"allow":["GET"]}}],"collection":[{"href":"http:\/\/geschichtsverein-haitz.org\/wordpress\/wp-json\/wp\/v2\/pages"}],"about":[{"href":"http:\/\/geschichtsverein-haitz.org\/wordpress\/wp-json\/wp\/v2\/types\/page"}],"author":[{"embeddable":true,"href":"http:\/\/geschichtsverein-haitz.org\/wordpress\/wp-json\/wp\/v2\/users\/1"}],"replies":[{"embeddable":true,"href":"http:\/\/geschichtsverein-haitz.org\/wordpress\/wp-json\/wp\/v2\/comments?post=93"}],"version-history":[{"count":4,"href":"http:\/\/geschichtsverein-haitz.org\/wordpress\/wp-json\/wp\/v2\/pages\/93\/revisions"}],"predecessor-version":[{"id":222,"href":"http:\/\/geschichtsverein-haitz.org\/wordpress\/wp-json\/wp\/v2\/pages\/93\/revisions\/222"}],"wp:attachment":[{"href":"http:\/\/geschichtsverein-haitz.org\/wordpress\/wp-json\/wp\/v2\/media?parent=93"}],"curies":[{"name":"wp","href":"https:\/\/api.w.org\/{rel}","templated":true}]}}