{"id":69,"date":"2012-08-15T12:23:51","date_gmt":"2012-08-15T10:23:51","guid":{"rendered":"http:\/\/geschichtsverein-haitz.org\/?page_id=69"},"modified":"2016-01-08T11:30:30","modified_gmt":"2016-01-08T10:30:30","slug":"mitglied-werden","status":"publish","type":"page","link":"http:\/\/geschichtsverein-haitz.org\/wordpress\/mitglied-werden\/","title":{"rendered":"Mitglied werden"},"content":{"rendered":"<p style=\"text-align: left;\">Wir freuen uns \u00fcber Ihr Interesse an unserer Vereinsarbeit.<\/p>\n<p><img loading=\"lazy\" decoding=\"async\" class=\"alignleft\" title=\"Vereinssiegel\" src=\"http:\/\/geschichtsverein-haitz.org\/wordpress\/wp-content\/uploads\/2012\/08\/Vereinssiegel3-150x150.jpg\" alt=\"\" width=\"150\" height=\"150\" \/><\/p>\n<p><strong><span style=\"color: #000000;\">D<\/span>ie Mittel<\/strong> zur Erreichung des Vereinsziels, werden gr\u00f6\u00dftenteils durch Spenden der Mitglieder oder sonstiger F\u00f6rderer, durch Zusch\u00fcsse aus \u00f6ffentlichen Mitteln oder \u00dcbersch\u00fcsse aus dem Verkauf von Schriften, aus Veranstaltungs und anderen Medien aufgebracht.<\/p>\n<p>&nbsp;<\/p>\n<p>Der Jahresmitgliedsbeitrag bel\u00e4uft sich pro Mitglied auf EUR 15,00 .<\/p>\n<p>Unten\u00a0findest du unser<strong>\u00a0Faltblatt<\/strong>. Drucke dieses aus und sende es ausgef\u00fcllt entweder direkt per Post an unseren ersten Vorsitzenden oder elektronisch per Email an:<\/p>\n<p>info@geschichtsverein-haitz.org<\/p>\n<p>Die Mitgliederversammlung entscheidet \u00fcber die Aufnahme. Mit der Aufnahme beginnt die Mitgliedschaft, welche mit vierw\u00f6chiger Frist zum Ende eines Monats schriftlich bei dem Gesch\u00e4ftsf\u00fchrer oder der Gesch\u00e4ftsf\u00fchrerin gek\u00fcndigt werden kann.<\/p>\n<p><a title=\"Faltblatt\" href=\"http:\/\/geschichtsverein-haitz.org\/wordpress\/wp-content\/uploads\/2016\/01\/2015-Werbeflyer.pdf\" target=\"_blank\">Faltblatt<\/a> und <a title=\"Beitrittserkl\u00e4rung\" href=\"http:\/\/geschichtsverein-haitz.org\/wordpress\/wp-content\/uploads\/2012\/11\/Beitrittserkl%C3%A4rung.pdf\" target=\"_blank\">Mitgliedschaft<\/a><a href=\"http:\/\/geschichtsverein-haitz.org\/wordpress\/wp-content\/uploads\/2012\/08\/Vereinssiegel3.jpg\"><br \/>\n<\/a><\/p>\n<p>&nbsp;<\/p>\n","protected":false},"excerpt":{"rendered":"<p>Wir freuen uns \u00fcber Ihr Interesse an unserer Vereinsarbeit. Die Mittel zur Erreichung des Vereinsziels, werden gr\u00f6\u00dftenteils durch Spenden der Mitglieder oder sonstiger F\u00f6rderer, durch Zusch\u00fcsse aus \u00f6ffentlichen Mitteln oder \u00dcbersch\u00fcsse aus dem Verkauf von Schriften, aus Veranstaltungs und anderen &hellip; <a href=\"http:\/\/geschichtsverein-haitz.org\/wordpress\/mitglied-werden\/\">Weiterlesen <span class=\"meta-nav\">&rarr;<\/span><\/a><\/p>\n","protected":false},"author":1,"featured_media":0,"parent":0,"menu_order":0,"comment_status":"closed","ping_status":"open","template":"","meta":{"footnotes":""},"class_list":["post-69","page","type-page","status-publish","hentry"],"_links":{"self":[{"href":"http:\/\/geschichtsverein-haitz.org\/wordpress\/wp-json\/wp\/v2\/pages\/69","targetHints":{"allow":["GET"]}}],"collection":[{"href":"http:\/\/geschichtsverein-haitz.org\/wordpress\/wp-json\/wp\/v2\/pages"}],"about":[{"href":"http:\/\/geschichtsverein-haitz.org\/wordpress\/wp-json\/wp\/v2\/types\/page"}],"author":[{"embeddable":true,"href":"http:\/\/geschichtsverein-haitz.org\/wordpress\/wp-json\/wp\/v2\/users\/1"}],"replies":[{"embeddable":true,"href":"http:\/\/geschichtsverein-haitz.org\/wordpress\/wp-json\/wp\/v2\/comments?post=69"}],"version-history":[{"count":16,"href":"http:\/\/geschichtsverein-haitz.org\/wordpress\/wp-json\/wp\/v2\/pages\/69\/revisions"}],"predecessor-version":[{"id":427,"href":"http:\/\/geschichtsverein-haitz.org\/wordpress\/wp-json\/wp\/v2\/pages\/69\/revisions\/427"}],"wp:attachment":[{"href":"http:\/\/geschichtsverein-haitz.org\/wordpress\/wp-json\/wp\/v2\/media?parent=69"}],"curies":[{"name":"wp","href":"https:\/\/api.w.org\/{rel}","templated":true}]}}