{"id":530,"date":"2019-02-19T17:00:07","date_gmt":"2019-02-19T16:00:07","guid":{"rendered":"http:\/\/geschichtsverein-haitz.org\/?page_id=530"},"modified":"2019-10-09T16:19:31","modified_gmt":"2019-10-09T14:19:31","slug":"pressemitteilung-vom-19-februar-2019","status":"publish","type":"page","link":"http:\/\/geschichtsverein-haitz.org\/wordpress\/beispiel-seite\/pressemitteilung-vom-19-februar-2019\/","title":{"rendered":"Sprechende Steine \u2013 epigraphische Funde in Gelnhausen und Haitz"},"content":{"rendered":"\n<p>Die Vortragsreihe 2019 des Haitzer Geschichtsvereins\nwird mit einem weiteren interessanten reich bebilderten Vortrag am Donnerstag,\nden 10. Oktober fortgesetzt, wozu die Heimatforscher die Geschichtsinteressierten\naus Haitz und auch der Umgebung einl\u00e4dt.<\/p>\n\n\n\n<p>Bei jedem Museumsbesuch oder auch drau\u00dfen, wenn wir\nwandern oder spazieren gehen, tauchen sie auf: sprechenden Steine. Sprechende\nSteine? Ist das so etwas wie die &#8222;Rolling Stones&#8220;? Nein. Es sind\nSteine, die eine Geschichte erz\u00e4hlen, die sozusagen sprechen, weil eine\nInschrift oder ein Bildprogramm in sie eingemei\u00dfelt ist. Heute kennen wir das\nmeistens nur noch von Grabsteinen. Aber fr\u00fcher, lange bevor es moderne Medien\ngab, war Stein ein Medium, um bestimmte Informationen oder\n&#8222;Statements&#8220; \u00fcber ber\u00fchmte Pers\u00f6nlichkeiten f\u00fcr die Nachwelt\nfestzuhalten. Nach einer Einf\u00fchrung in die Inschriftenkunde (Epigraphik) und\neinem historischen Spaziergang durch die Jahrhunderte geht Referentin Stephanie\nBrill M.A., Arch\u00e4ologin und Mitglied des Haitzer Geschichtsvereins, auf bemerkenswerte\nInschriften aus Gelnhausen oder \u00fcber Gelnh\u00e4user ein. Die Veranstaltung findet\nwie immer im Feuerwehrhaus Haitz, Birsteiner Str. 7 um 19.30 Uhr statt. Der\nEintritt ist frei. <\/p>\n","protected":false},"excerpt":{"rendered":"<p>Die Vortragsreihe 2019 des Haitzer Geschichtsvereins wird mit einem weiteren interessanten reich bebilderten Vortrag am Donnerstag, den 10. Oktober fortgesetzt, wozu die Heimatforscher die Geschichtsinteressierten aus Haitz und auch der Umgebung einl\u00e4dt. Bei jedem Museumsbesuch oder auch drau\u00dfen, wenn wir &hellip; <a href=\"http:\/\/geschichtsverein-haitz.org\/wordpress\/beispiel-seite\/pressemitteilung-vom-19-februar-2019\/\">Weiterlesen <span class=\"meta-nav\">&rarr;<\/span><\/a><\/p>\n","protected":false},"author":1,"featured_media":0,"parent":2,"menu_order":0,"comment_status":"closed","ping_status":"closed","template":"","meta":{"footnotes":""},"class_list":["post-530","page","type-page","status-publish","hentry"],"_links":{"self":[{"href":"http:\/\/geschichtsverein-haitz.org\/wordpress\/wp-json\/wp\/v2\/pages\/530","targetHints":{"allow":["GET"]}}],"collection":[{"href":"http:\/\/geschichtsverein-haitz.org\/wordpress\/wp-json\/wp\/v2\/pages"}],"about":[{"href":"http:\/\/geschichtsverein-haitz.org\/wordpress\/wp-json\/wp\/v2\/types\/page"}],"author":[{"embeddable":true,"href":"http:\/\/geschichtsverein-haitz.org\/wordpress\/wp-json\/wp\/v2\/users\/1"}],"replies":[{"embeddable":true,"href":"http:\/\/geschichtsverein-haitz.org\/wordpress\/wp-json\/wp\/v2\/comments?post=530"}],"version-history":[{"count":6,"href":"http:\/\/geschichtsverein-haitz.org\/wordpress\/wp-json\/wp\/v2\/pages\/530\/revisions"}],"predecessor-version":[{"id":544,"href":"http:\/\/geschichtsverein-haitz.org\/wordpress\/wp-json\/wp\/v2\/pages\/530\/revisions\/544"}],"up":[{"embeddable":true,"href":"http:\/\/geschichtsverein-haitz.org\/wordpress\/wp-json\/wp\/v2\/pages\/2"}],"wp:attachment":[{"href":"http:\/\/geschichtsverein-haitz.org\/wordpress\/wp-json\/wp\/v2\/media?parent=530"}],"curies":[{"name":"wp","href":"https:\/\/api.w.org\/{rel}","templated":true}]}}