{"id":136,"date":"2012-08-21T11:28:11","date_gmt":"2012-08-21T09:28:11","guid":{"rendered":"http:\/\/geschichtsverein-haitz.org\/?page_id=136"},"modified":"2012-09-21T10:11:36","modified_gmt":"2012-09-21T08:11:36","slug":"was-bedeutet-haatzer-keerscht","status":"publish","type":"page","link":"http:\/\/geschichtsverein-haitz.org\/wordpress\/veroffentlichungen-und-schriften-des-vereins\/was-bedeutet-haatzer-keerscht\/","title":{"rendered":"Was bedeutet &#8222;Haatzer Keerscht&#8220;"},"content":{"rendered":"<h2>Haatzer Keerscht<\/h2>\n<h3>Historische Ger\u00e4te zu Kultur, Ernte und Gebrauch der Kartoffel<\/h3>\n<p>\u201eHaatzer Keerscht\u201c \u2013 vielen Haitzerinnen und Haitzern eine identit\u00e4tsstiftende Bezeichnung, ein Spitzname seit Alters her, wie der \u201eH\u00f6chster Reling\u201c, \u201eAltenha\u00dflauer Sandhase\u201c, \u201eGelnh\u00e4user Schubkerrnscherscher\u201c, \u201eR\u00f6ther Gickel\u201c.<\/p>\n<p>\u201eHaatzer Koorscht\u201c &#8211; in den sechziger Jahren bis zum Anschluss des Dorfes an die Stadt Gelnhausen 1971 auch kurzzeitig Wappengeber der zuvor noch selbst\u00e4ndigen, damals fast achthundertj\u00e4hrigen Gemeinde.<\/p>\n<p>\u201eHaatzer Koorscht\u201c, \u201eHaatzer Keerscht\u201c &#8211; f\u00fcr viele Neub\u00fcrger ein Begriff, mit dem man \u00fcberhaupt nichts anfangen kann.<\/p>\n<p>Karst (zweizinkige Erdhacke) <em>m<\/em>; -es, -e; \u00a0so \u201eDer gro\u00dfe Duden, Bibliographisches Institut Mannheim 1967\u201c<br \/>\n\u201eKoorscht\u201c, Haitzer Mundart f\u00fcr den \u201eKarst\u201c. \u00a0Mehrzahl: \u201eKeerscht\u201c.\u00a0Bleibt noch f\u00fcr die des hessischen \u00fcberhaupt nicht M\u00e4chtigen der Begriff \u201eHaatzer\u201c:<br \/>\nHaitzer Mundartform f\u00fcr \u201eHaitzer\u201c. Alles klar? Wenn nicht, Sprachkurse werden sp\u00e4ter angeboten\u2026<\/p>\n<p>Da in Haitz \u201edie Gemarkung \u00fcberwiegend aus steinigen \u00c4ckern \u2026 bestand\u201c<sup>1<\/sup>, war der Karst ein vielseitiges der Bodenbeschaffenheit und den \u00fcberwiegend h\u00e4ngigen \u00c4ckern entsprechendes Ger\u00e4t, das besonders f\u00fcr die Kartoffelernte unverzichtbar war.<\/p>\n<p>Eine gro\u00dfe Sammlung\u00a0 \u201eKeerscht\u201c, viel anderes Bodenbearbeitungsger\u00e4t f\u00fcr das Haitzer \u201eGrundnahrungsmittel Nummer eins!\u201c<sup>2<\/sup>, die Kartoffel, sowie eine Darstellung der Geschichte der Kartoffel und ihrer Verarbeitung vervollst\u00e4ndigen diese historische Ausstellung.<br \/>\n1, 2,\u00a0 \u201eHaitzer Heimatbuch\u201c, Gelnhausen 1998 S. 37<\/p>\n","protected":false},"excerpt":{"rendered":"<p>Haatzer Keerscht Historische Ger\u00e4te zu Kultur, Ernte und Gebrauch der Kartoffel \u201eHaatzer Keerscht\u201c \u2013 vielen Haitzerinnen und Haitzern eine identit\u00e4tsstiftende Bezeichnung, ein Spitzname seit Alters her, wie der \u201eH\u00f6chster Reling\u201c, \u201eAltenha\u00dflauer Sandhase\u201c, \u201eGelnh\u00e4user Schubkerrnscherscher\u201c, \u201eR\u00f6ther Gickel\u201c. \u201eHaatzer Koorscht\u201c &#8211; in &hellip; <a href=\"http:\/\/geschichtsverein-haitz.org\/wordpress\/veroffentlichungen-und-schriften-des-vereins\/was-bedeutet-haatzer-keerscht\/\">Weiterlesen <span class=\"meta-nav\">&rarr;<\/span><\/a><\/p>\n","protected":false},"author":1,"featured_media":0,"parent":93,"menu_order":0,"comment_status":"closed","ping_status":"closed","template":"onecolumn-page.php","meta":{"footnotes":""},"class_list":["post-136","page","type-page","status-publish","hentry"],"_links":{"self":[{"href":"http:\/\/geschichtsverein-haitz.org\/wordpress\/wp-json\/wp\/v2\/pages\/136","targetHints":{"allow":["GET"]}}],"collection":[{"href":"http:\/\/geschichtsverein-haitz.org\/wordpress\/wp-json\/wp\/v2\/pages"}],"about":[{"href":"http:\/\/geschichtsverein-haitz.org\/wordpress\/wp-json\/wp\/v2\/types\/page"}],"author":[{"embeddable":true,"href":"http:\/\/geschichtsverein-haitz.org\/wordpress\/wp-json\/wp\/v2\/users\/1"}],"replies":[{"embeddable":true,"href":"http:\/\/geschichtsverein-haitz.org\/wordpress\/wp-json\/wp\/v2\/comments?post=136"}],"version-history":[{"count":3,"href":"http:\/\/geschichtsverein-haitz.org\/wordpress\/wp-json\/wp\/v2\/pages\/136\/revisions"}],"predecessor-version":[{"id":138,"href":"http:\/\/geschichtsverein-haitz.org\/wordpress\/wp-json\/wp\/v2\/pages\/136\/revisions\/138"}],"up":[{"embeddable":true,"href":"http:\/\/geschichtsverein-haitz.org\/wordpress\/wp-json\/wp\/v2\/pages\/93"}],"wp:attachment":[{"href":"http:\/\/geschichtsverein-haitz.org\/wordpress\/wp-json\/wp\/v2\/media?parent=136"}],"curies":[{"name":"wp","href":"https:\/\/api.w.org\/{rel}","templated":true}]}}